{"id":1517,"date":"2016-01-13T20:11:50","date_gmt":"2016-01-13T19:11:50","guid":{"rendered":"http:\/\/gss.org.pl\/gss2\/?page_id=1517"},"modified":"2016-02-11T13:46:07","modified_gmt":"2016-02-11T12:46:07","slug":"lodolamacze-2015","status":"publish","type":"page","link":"https:\/\/gss.org.pl\/index.php\/lodolamacze-2015\/","title":{"rendered":"Lodo\u0142amacze 2015"},"content":{"rendered":"<p><strong><a href=\"http:\/\/gss.org.pl\/wp-content\/uploads\/2016\/01\/Lodolamacze_2015.jpg\" rel=\"attachment wp-att-1764\"><img loading=\"lazy\" decoding=\"async\" class=\"alignleft size-medium wp-image-1764\" src=\"http:\/\/gss.org.pl\/wp-content\/uploads\/2016\/01\/Lodolamacze_2015-300x300.jpg\" alt=\"Lodolamacze_2015\" width=\"300\" height=\"300\" srcset=\"https:\/\/gss.org.pl\/wp-content\/uploads\/2016\/01\/Lodolamacze_2015-300x300.jpg 300w, https:\/\/gss.org.pl\/wp-content\/uploads\/2016\/01\/Lodolamacze_2015-150x150.jpg 150w, https:\/\/gss.org.pl\/wp-content\/uploads\/2016\/01\/Lodolamacze_2015.jpg 500w\" sizes=\"auto, (max-width: 300px) 100vw, 300px\" \/><\/a>Gda\u0144ska Sp\u00f3\u0142dzielnia Socjalna jednym z laureat\u00f3w Konkursu \u201eLodo\u0142amacze 2015\u201d na szczeblu regionalnym \u2013 wojew\u00f3dztwo pomorskie<\/strong><\/p>\n<p>Gda\u0144ska Sp\u00f3\u0142dzielnia Socjalna jest pracodawc\u0105 na co dzie\u0144 anga\u017cuj\u0105cym si\u0119 na rzecz aktywizacji zawodowej i integracji os\u00f3b z niepe\u0142nosprawno\u015bci\u0105. W Sp\u00f3\u0142dzielni zatrudniane s\u0105 zar\u00f3wno osoby z niepe\u0142nosprawno\u015bci\u0105 ruchow\u0105, jak i z niepe\u0142nosprawno\u015bci\u0105 intelektualn\u0105.<\/p>\n<p>Gda\u0144ska Sp\u00f3\u0142dzielnia Socjalna zosta\u0142a nagrodzona we wrze\u015bniu 2015 r. podczas X edycji Pomorskiej Gali Konkursu \u201eLodo\u0142amacze 2015\u201d III miejscem i br\u0105zowym medalem w kategorii \u201eOtwarty Rynek\u201d. W trzech kategoriach Konkursu: Zatrudnienie Chronione, Otwarty Rynek, Instytucja bra\u0142o udzia\u0142 ponad czterysta przedsi\u0119biorstw i organizacji.<!--more--><\/p>\n<p>Traktujemy to wyr\u00f3\u017cnienie z jednej strony jako docenienie naszych wysi\u0142k\u00f3w, warto\u015bci jakimi si\u0119 kierujemy, ale i r\u00f3wnie\u017c jako zobowi\u0105zanie na przysz\u0142o\u015b\u0107. Prze\u0142amujemy stereotypy zwi\u0105zane z tym, \u017ce jako\u015b\u0107 pracy osoby z niepe\u0142nosprawno\u015bci\u0105 jest ni\u017csza, podobnie jak wydajno\u015b\u0107. Staramy si\u0119 tak dobiera\u0107 zadania dla wszystkich przez nas zatrudnianych os\u00f3b i tych pe\u0142nosprawnych i z niepe\u0142nosprawno\u015bci\u0105 aby jako\u015b\u0107 \u015bwiadczonych przez nasz\u0105 Sp\u00f3\u0142dzielni\u0119 us\u0142ug by\u0142a jak najwy\u017csza, satysfakcjonowa\u0142a naszych klient\u00f3w i spe\u0142nia\u0142a wdra\u017cane przez nas standardy. Osoby z niepe\u0142nosprawno\u015bci\u0105 traktujemy jak osoby pe\u0142nosprawne w pracy. Wychodzimy z za\u0142o\u017cenia, \u017ce przecie\u017c ka\u017cdy z nas ma swoje specyficzne ograniczenia, ale przecie\u017c te\u017c posiada wiele umiej\u0119tno\u015bci. Filozofi\u0105 dzia\u0142ania Sp\u00f3\u0142dzielni jest z jednej strony \u015bwiadczenie profesjonalnych us\u0142ug opieku\u0144czych, porz\u0105dkowych, remontowych i innych, ale przede wszystkim kompleksowe dzia\u0142ania na rzecz aktywizacji zawodowej os\u00f3b zagro\u017conych wykluczeniem spo\u0142ecznym b\u0105d\u017a wykluczonych. W przysz\u0142o\u015bci planujemy zwi\u0119kszenie liczby stanowisk pracy, na kt\u00f3rych b\u0119d\u0105 mog\u0142y by\u0107 zatrudniane osoby z niepe\u0142nosprawno\u015bci\u0105 \u2013 m\u00f3wi Katarzyna Littwin, Cz\u0142onek Zarz\u0105du i Dyrektor Sp\u00f3\u0142dzielni.<\/p>\n\n\t\t<style type=\"text\/css\">\n\t\t\t#gallery-1 {\n\t\t\t\tmargin: auto;\n\t\t\t}\n\t\t\t#gallery-1 .gallery-item {\n\t\t\t\tfloat: left;\n\t\t\t\tmargin-top: 10px;\n\t\t\t\ttext-align: center;\n\t\t\t\twidth: 50%;\n\t\t\t}\n\t\t\t#gallery-1 img {\n\t\t\t\tborder: 2px solid #cfcfcf;\n\t\t\t}\n\t\t\t#gallery-1 .gallery-caption {\n\t\t\t\tmargin-left: 0;\n\t\t\t}\n\t\t\t\/* see gallery_shortcode() in wp-includes\/media.php *\/\n\t\t<\/style>\n\t\t<div id='gallery-1' class='gallery galleryid-1517 gallery-columns-2 gallery-size-medium'><dl class='gallery-item'>\n\t\t\t<dt class='gallery-icon landscape'>\n\t\t\t\t<a href='https:\/\/gss.org.pl\/index.php\/lodolamacze-2015\/lodolamacze_2015_3\/'><img loading=\"lazy\" decoding=\"async\" width=\"300\" height=\"225\" src=\"https:\/\/gss.org.pl\/wp-content\/uploads\/2016\/01\/Lodolamacze_2015_3-300x225.jpg\" class=\"attachment-medium size-medium\" alt=\"\" srcset=\"https:\/\/gss.org.pl\/wp-content\/uploads\/2016\/01\/Lodolamacze_2015_3-300x225.jpg 300w, https:\/\/gss.org.pl\/wp-content\/uploads\/2016\/01\/Lodolamacze_2015_3-768x576.jpg 768w, https:\/\/gss.org.pl\/wp-content\/uploads\/2016\/01\/Lodolamacze_2015_3.jpg 1024w, https:\/\/gss.org.pl\/wp-content\/uploads\/2016\/01\/Lodolamacze_2015_3-82x60.jpg 82w, https:\/\/gss.org.pl\/wp-content\/uploads\/2016\/01\/Lodolamacze_2015_3-65x50.jpg 65w\" sizes=\"auto, (max-width: 300px) 100vw, 300px\" \/><\/a>\n\t\t\t<\/dt><\/dl><dl class='gallery-item'>\n\t\t\t<dt class='gallery-icon landscape'>\n\t\t\t\t<a href='https:\/\/gss.org.pl\/index.php\/lodolamacze-2015\/lodolamacze_2015_2-2\/'><img loading=\"lazy\" decoding=\"async\" width=\"300\" height=\"225\" src=\"https:\/\/gss.org.pl\/wp-content\/uploads\/2016\/01\/Lodolamacze_2015_2-300x225.jpg\" class=\"attachment-medium size-medium\" alt=\"\" srcset=\"https:\/\/gss.org.pl\/wp-content\/uploads\/2016\/01\/Lodolamacze_2015_2-300x225.jpg 300w, https:\/\/gss.org.pl\/wp-content\/uploads\/2016\/01\/Lodolamacze_2015_2-768x576.jpg 768w, https:\/\/gss.org.pl\/wp-content\/uploads\/2016\/01\/Lodolamacze_2015_2.jpg 1024w, https:\/\/gss.org.pl\/wp-content\/uploads\/2016\/01\/Lodolamacze_2015_2-82x60.jpg 82w, https:\/\/gss.org.pl\/wp-content\/uploads\/2016\/01\/Lodolamacze_2015_2-65x50.jpg 65w\" sizes=\"auto, (max-width: 300px) 100vw, 300px\" \/><\/a>\n\t\t\t<\/dt><\/dl><br style=\"clear: both\" \/>\n\t\t<\/div>\n\n","protected":false},"excerpt":{"rendered":"<p>Gda\u0144ska Sp\u00f3\u0142dzielnia Socjalna jednym z laureat\u00f3w Konkursu \u201eLodo\u0142amacze 2015\u201d na szczeblu regionalnym \u2013 wojew\u00f3dztwo pomorskie Gda\u0144ska Sp\u00f3\u0142dzielnia Socjalna jest pracodawc\u0105 na co dzie\u0144 anga\u017cuj\u0105cym si\u0119 na rzecz aktywizacji zawodowej i integracji os\u00f3b z niepe\u0142nosprawno\u015bci\u0105. W Sp\u00f3\u0142dzielni zatrudniane s\u0105 zar\u00f3wno osoby z niepe\u0142nosprawno\u015bci\u0105 ruchow\u0105, jak i z niepe\u0142nosprawno\u015bci\u0105 intelektualn\u0105. Gda\u0144ska Sp\u00f3\u0142dzielnia Socjalna zosta\u0142a nagrodzona we wrze\u015bniu [&hellip;]<\/p>\n","protected":false},"author":2,"featured_media":0,"parent":0,"menu_order":0,"comment_status":"closed","ping_status":"closed","template":"","meta":{"footnotes":""},"class_list":["post-1517","page","type-page","status-publish","hentry"],"_links":{"self":[{"href":"https:\/\/gss.org.pl\/index.php\/wp-json\/wp\/v2\/pages\/1517","targetHints":{"allow":["GET"]}}],"collection":[{"href":"https:\/\/gss.org.pl\/index.php\/wp-json\/wp\/v2\/pages"}],"about":[{"href":"https:\/\/gss.org.pl\/index.php\/wp-json\/wp\/v2\/types\/page"}],"author":[{"embeddable":true,"href":"https:\/\/gss.org.pl\/index.php\/wp-json\/wp\/v2\/users\/2"}],"replies":[{"embeddable":true,"href":"https:\/\/gss.org.pl\/index.php\/wp-json\/wp\/v2\/comments?post=1517"}],"version-history":[{"count":4,"href":"https:\/\/gss.org.pl\/index.php\/wp-json\/wp\/v2\/pages\/1517\/revisions"}],"predecessor-version":[{"id":1769,"href":"https:\/\/gss.org.pl\/index.php\/wp-json\/wp\/v2\/pages\/1517\/revisions\/1769"}],"wp:attachment":[{"href":"https:\/\/gss.org.pl\/index.php\/wp-json\/wp\/v2\/media?parent=1517"}],"curies":[{"name":"wp","href":"https:\/\/api.w.org\/{rel}","templated":true}]}}