{"id":1521,"date":"2016-01-13T20:12:37","date_gmt":"2016-01-13T19:12:37","guid":{"rendered":"http:\/\/gss.org.pl\/gss2\/?page_id=1521"},"modified":"2016-02-11T13:34:24","modified_gmt":"2016-02-11T12:34:24","slug":"super-pracodawca-2014","status":"publish","type":"page","link":"https:\/\/gss.org.pl\/index.php\/super-pracodawca-2014\/","title":{"rendered":"Super Pracodawca 2014"},"content":{"rendered":"<p><strong><a href=\"http:\/\/gss.org.pl\/wp-content\/uploads\/2016\/01\/Super_Pracodawca_2014_s.jpg\" rel=\"attachment wp-att-1752\"><img loading=\"lazy\" decoding=\"async\" class=\"alignleft size-medium wp-image-1752\" src=\"http:\/\/gss.org.pl\/wp-content\/uploads\/2016\/01\/Super_Pracodawca_2014_s-197x300.jpg\" alt=\"Super_Pracodawca_2014_s\" width=\"197\" height=\"300\" srcset=\"https:\/\/gss.org.pl\/wp-content\/uploads\/2016\/01\/Super_Pracodawca_2014_s-197x300.jpg 197w, https:\/\/gss.org.pl\/wp-content\/uploads\/2016\/01\/Super_Pracodawca_2014_s-768x1171.jpg 768w, https:\/\/gss.org.pl\/wp-content\/uploads\/2016\/01\/Super_Pracodawca_2014_s-672x1024.jpg 672w, https:\/\/gss.org.pl\/wp-content\/uploads\/2016\/01\/Super_Pracodawca_2014_s.jpg 787w\" sizes=\"auto, (max-width: 197px) 100vw, 197px\" \/><\/a>Gda\u0144ska Sp\u00f3\u0142dzielnia Socjalna SUPER PRACODAWC\u0104 roku 2014<\/strong><\/p>\n<p>Gda\u0144ska Sp\u00f3\u0142dzielnia Socjalna zosta\u0142a Laureatem IV edycji Konkursu Super Pracodawca 2014 w kategorii Ma\u0142e Przedsi\u0119biorstwo, organizowanego przez Powiatowy Urz\u0105d Pracy w Gda\u0144sku. Andrzej Bojanowski Zast\u0119pca Prezydenta Miasta Gda\u0144ska wr\u0119czy\u0142 statuetk\u0119 Katarzynie Littwin, Dyrektorowi GSS podczas uroczystej gali z okazji Dnia Pracownika Publicznych S\u0142u\u017cb Zatrudnienia. Celem plebiscytu jest wyr\u00f3\u017cnienie najbardziej aktywnych, rzetelnych oraz godnych zaufania przedsi\u0119biorc\u00f3w.<br \/>\nsuper pracodawca<\/p>\n<p>\u2013 Sp\u00f3\u0142dzielnia intensywnie wsp\u00f3\u0142pracuje z Powiatowym Urz\u0119dem Pracy w Gda\u0144sku w zakresie pozyskiwania profesjonalnej kadry do realizowanych przez siebie zada\u0144. Sta\u0142a wsp\u00f3\u0142praca bezpo\u015brednio przek\u0142ada si\u0119 na jako\u015b\u0107 aktywizacji zawodowej os\u00f3b wykluczonych b\u0105d\u017a zagro\u017conych wykluczeniem spo\u0142ecznym, m\u00f3wi Katarzyna Littwin. Obecnie realizujemy: us\u0142ugi opieku\u0144cze (w blisko 300 domach os\u00f3b potrzebuj\u0105cych wsparcia), us\u0142ugi kurierskie, remontowe, porz\u0105dkowe, organizujemy wizyty studyjne, sta\u017c zawodowy dla os\u00f3b bezrobotnych i wspieramy osoby zainteresowane za\u0142o\u017ceniem sp\u00f3\u0142dzielni socjalnej. Stale staramy si\u0119 rozszerza\u0107 nasza dzia\u0142alno\u015b\u0107 by m\u00f3c zatrudnia\u0107 osoby kt\u00f3re maj\u0105 trudno\u015bci w odnalezieniu si\u0119 na otwartym rynku pracy. W planach mamy r\u00f3wnie\u017c systemowe dzia\u0142ania skierowane do spo\u0142eczno\u015bci lokalnej, szczeg\u00f3lnie do mieszka\u0144c\u00f3w dzielnicy Nowy Port w Gda\u0144sku. Nasz\u0105 podstawow\u0105 misj\u0105 pozostaje wspieranie os\u00f3b, kt\u00f3re maj\u0105 problemy w odnalezieniu si\u0119 na rynku pracy, w poszukiwaniu legalnego zatrudnienia zgodnego z umiej\u0119tno\u015bciami i do\u015bwiadczeniem.<\/p>\n<p>Gda\u0144ska Sp\u00f3\u0142dzielnia Socjalna jest najstarsz\u0105 sp\u00f3\u0142dzielni\u0105 socjaln\u0105 w Gda\u0144sku. Dzia\u0142alno\u015b\u0107 rozpocz\u0119\u0142a w 2011 roku. Aktualnie zatrudnia ponad sto os\u00f3b. Od pocz\u0105tku swego istnienia wsp\u00f3\u0142pracuje z Miejskim O\u015brodkiem Pomocy Rodzinie w Gda\u0144sku na rzecz aktywizacji spo\u0142eczno \u2013 zawodowej mieszka\u0144c\u00f3w wspieranych przez O\u015brodek.<\/p>\n","protected":false},"excerpt":{"rendered":"<p>Gda\u0144ska Sp\u00f3\u0142dzielnia Socjalna SUPER PRACODAWC\u0104 roku 2014 Gda\u0144ska Sp\u00f3\u0142dzielnia Socjalna zosta\u0142a Laureatem IV edycji Konkursu Super Pracodawca 2014 w kategorii Ma\u0142e Przedsi\u0119biorstwo, organizowanego przez Powiatowy Urz\u0105d Pracy w Gda\u0144sku. Andrzej Bojanowski Zast\u0119pca Prezydenta Miasta Gda\u0144ska wr\u0119czy\u0142 statuetk\u0119 Katarzynie Littwin, Dyrektorowi GSS podczas uroczystej gali z okazji Dnia Pracownika Publicznych S\u0142u\u017cb Zatrudnienia. Celem plebiscytu jest wyr\u00f3\u017cnienie [&hellip;]<\/p>\n","protected":false},"author":2,"featured_media":0,"parent":0,"menu_order":0,"comment_status":"closed","ping_status":"closed","template":"","meta":{"footnotes":""},"class_list":["post-1521","page","type-page","status-publish","hentry"],"_links":{"self":[{"href":"https:\/\/gss.org.pl\/index.php\/wp-json\/wp\/v2\/pages\/1521","targetHints":{"allow":["GET"]}}],"collection":[{"href":"https:\/\/gss.org.pl\/index.php\/wp-json\/wp\/v2\/pages"}],"about":[{"href":"https:\/\/gss.org.pl\/index.php\/wp-json\/wp\/v2\/types\/page"}],"author":[{"embeddable":true,"href":"https:\/\/gss.org.pl\/index.php\/wp-json\/wp\/v2\/users\/2"}],"replies":[{"embeddable":true,"href":"https:\/\/gss.org.pl\/index.php\/wp-json\/wp\/v2\/comments?post=1521"}],"version-history":[{"count":2,"href":"https:\/\/gss.org.pl\/index.php\/wp-json\/wp\/v2\/pages\/1521\/revisions"}],"predecessor-version":[{"id":1753,"href":"https:\/\/gss.org.pl\/index.php\/wp-json\/wp\/v2\/pages\/1521\/revisions\/1753"}],"wp:attachment":[{"href":"https:\/\/gss.org.pl\/index.php\/wp-json\/wp\/v2\/media?parent=1521"}],"curies":[{"name":"wp","href":"https:\/\/api.w.org\/{rel}","templated":true}]}}