{"id":1536,"date":"2016-01-13T20:26:20","date_gmt":"2016-01-13T19:26:20","guid":{"rendered":"http:\/\/gss.org.pl\/gss2\/?page_id=1536"},"modified":"2016-01-20T22:11:18","modified_gmt":"2016-01-20T21:11:18","slug":"uslugi-remontowe","status":"publish","type":"page","link":"https:\/\/gss.org.pl\/index.php\/uslugi-remontowe\/","title":{"rendered":"Us\u0142ugi remontowe"},"content":{"rendered":"<p>Wykonujemy kompleksowe remonty mieszka\u0144, biur oraz pomieszcze\u0144 us\u0142ugowych. \u015awiadczymy us\u0142ugi w oparciu o sprawdzonych fachowc\u00f3w: malarzy, kafelkarzy, tynkarzy czy elektryk\u00f3w. Wszystkie powierzone nam prace wykonujemy solidnie i terminowo, bo liczy si\u0119 dla nas przede wszystkim zadowolenie Klienta.<\/p>\n<h5><strong>Zapraszamy do wsp\u00f3\u0142pracy<\/strong><\/h5>\n<ul>\n<li>Malowanie<\/li>\n<li>Szpachlowanie<\/li>\n<li>Prace hydrauliczne<\/li>\n<li>Prace elektryczne<\/li>\n<li>Uk\u0142adanie paneli<\/li>\n<li>Uk\u0142adanie glazury<\/li>\n<\/ul>\n<p>Przyjmujemy zlecenia zar\u00f3wno od firm, instytucji jak i os\u00f3b prywatnych.<\/p>\n<h5><strong>Potrzebujesz wyceny? Zadzwo\u0144: 58-341-33-78<\/strong><\/h5>\n<p>O naszej nale\u017cytej staranno\u015bci mog\u0105 \u015bwiadczy\u0107 listy referencyjne wystawione przez naszych Zleceniodawc\u00f3w \u2013 wybrane referencje poni\u017cej:<\/p>\n\n\t\t<style type=\"text\/css\">\n\t\t\t#gallery-1 {\n\t\t\t\tmargin: auto;\n\t\t\t}\n\t\t\t#gallery-1 .gallery-item {\n\t\t\t\tfloat: left;\n\t\t\t\tmargin-top: 10px;\n\t\t\t\ttext-align: center;\n\t\t\t\twidth: 33%;\n\t\t\t}\n\t\t\t#gallery-1 img {\n\t\t\t\tborder: 2px solid #cfcfcf;\n\t\t\t}\n\t\t\t#gallery-1 .gallery-caption {\n\t\t\t\tmargin-left: 0;\n\t\t\t}\n\t\t\t\/* see gallery_shortcode() in wp-includes\/media.php *\/\n\t\t<\/style>\n\t\t<div id='gallery-1' class='gallery galleryid-1536 gallery-columns-3 gallery-size-thumbnail'><dl class='gallery-item'>\n\t\t\t<dt class='gallery-icon portrait'>\n\t\t\t\t<a href='https:\/\/gss.org.pl\/wp-content\/uploads\/2016\/01\/Referencje_GZNK_2.jpeg'><img loading=\"lazy\" decoding=\"async\" width=\"150\" height=\"150\" src=\"https:\/\/gss.org.pl\/wp-content\/uploads\/2016\/01\/Referencje_GZNK_2-150x150.jpeg\" class=\"attachment-thumbnail size-thumbnail\" alt=\"\" \/><\/a>\n\t\t\t<\/dt><\/dl><dl class='gallery-item'>\n\t\t\t<dt class='gallery-icon portrait'>\n\t\t\t\t<a href='https:\/\/gss.org.pl\/wp-content\/uploads\/2016\/01\/Referencje_GZNK.jpeg'><img loading=\"lazy\" decoding=\"async\" width=\"150\" height=\"150\" src=\"https:\/\/gss.org.pl\/wp-content\/uploads\/2016\/01\/Referencje_GZNK-150x150.jpeg\" class=\"attachment-thumbnail size-thumbnail\" alt=\"\" \/><\/a>\n\t\t\t<\/dt><\/dl><dl class='gallery-item'>\n\t\t\t<dt class='gallery-icon portrait'>\n\t\t\t\t<a href='https:\/\/gss.org.pl\/wp-content\/uploads\/2016\/01\/Referencje_GIS.jpg'><img loading=\"lazy\" decoding=\"async\" width=\"150\" height=\"150\" src=\"https:\/\/gss.org.pl\/wp-content\/uploads\/2016\/01\/Referencje_GIS-150x150.jpg\" class=\"attachment-thumbnail size-thumbnail\" alt=\"\" \/><\/a>\n\t\t\t<\/dt><\/dl><br style=\"clear: both\" \/>\n\t\t<\/div>\n\n","protected":false},"excerpt":{"rendered":"<p>Wykonujemy kompleksowe remonty mieszka\u0144, biur oraz pomieszcze\u0144 us\u0142ugowych. \u015awiadczymy us\u0142ugi w oparciu o sprawdzonych fachowc\u00f3w: malarzy, kafelkarzy, tynkarzy czy elektryk\u00f3w. Wszystkie powierzone nam prace wykonujemy solidnie i terminowo, bo liczy si\u0119 dla nas przede wszystkim zadowolenie Klienta. Zapraszamy do wsp\u00f3\u0142pracy Malowanie Szpachlowanie Prace hydrauliczne Prace elektryczne Uk\u0142adanie paneli Uk\u0142adanie glazury Przyjmujemy zlecenia zar\u00f3wno od firm, [&hellip;]<\/p>\n","protected":false},"author":2,"featured_media":0,"parent":0,"menu_order":0,"comment_status":"closed","ping_status":"closed","template":"","meta":{"footnotes":""},"class_list":["post-1536","page","type-page","status-publish","hentry"],"_links":{"self":[{"href":"https:\/\/gss.org.pl\/index.php\/wp-json\/wp\/v2\/pages\/1536","targetHints":{"allow":["GET"]}}],"collection":[{"href":"https:\/\/gss.org.pl\/index.php\/wp-json\/wp\/v2\/pages"}],"about":[{"href":"https:\/\/gss.org.pl\/index.php\/wp-json\/wp\/v2\/types\/page"}],"author":[{"embeddable":true,"href":"https:\/\/gss.org.pl\/index.php\/wp-json\/wp\/v2\/users\/2"}],"replies":[{"embeddable":true,"href":"https:\/\/gss.org.pl\/index.php\/wp-json\/wp\/v2\/comments?post=1536"}],"version-history":[{"count":7,"href":"https:\/\/gss.org.pl\/index.php\/wp-json\/wp\/v2\/pages\/1536\/revisions"}],"predecessor-version":[{"id":1592,"href":"https:\/\/gss.org.pl\/index.php\/wp-json\/wp\/v2\/pages\/1536\/revisions\/1592"}],"wp:attachment":[{"href":"https:\/\/gss.org.pl\/index.php\/wp-json\/wp\/v2\/media?parent=1536"}],"curies":[{"name":"wp","href":"https:\/\/api.w.org\/{rel}","templated":true}]}}