{"id":1538,"date":"2016-01-13T20:26:40","date_gmt":"2016-01-13T19:26:40","guid":{"rendered":"http:\/\/gss.org.pl\/gss2\/?page_id=1538"},"modified":"2016-01-20T22:35:24","modified_gmt":"2016-01-20T21:35:24","slug":"uslugi-porzadkowe","status":"publish","type":"page","link":"https:\/\/gss.org.pl\/index.php\/uslugi-porzadkowe\/","title":{"rendered":"Us\u0142ugi porz\u0105dkowe"},"content":{"rendered":"<p>Prowadzimy dzia\u0142alno\u015b\u0107 w zakresie utrzymania czysto\u015bci w budynkach, na terenach zewn\u0119trznych, porz\u0105dkowania teren\u00f3w zielonych, przywracania czysto\u015bci po remontach. Realizujemy inne prace porz\u0105dkowe zlecane przez Klienta takie jak np. od\u015bnie\u017canie czy pomoc w przeprowadzkach. Do ka\u017cdego zlecenia podchodzimy indywidualnie \u2013 tak, aby zawsze uzyska\u0107 maksymalne zadowolenie z us\u0142ug przez nas \u015bwiadczonych. Zakres oferowanych prac jest bardzo szeroki.<\/p>\n<p>Je\u017celi potrzebujesz pomocy w utrzymaniu czysto\u015bci<\/p>\n<ul>\n<li>mieszkania<\/li>\n<li>biura<\/li>\n<li>powierzchni us\u0142ugowej<\/li>\n<\/ul>\n<p>Potrzebujesz \u201er\u0105k do pracy\u201d aby<\/p>\n<ul>\n<li>uprz\u0105tn\u0105\u0107 dzia\u0142k\u0119\/posesj\u0119\/teren wok\u00f3\u0142 Twojej firmy<\/li>\n<li>uporz\u0105dkowa\u0107 ziele\u0144 w Twoim ogrodzie<\/li>\n<li>por\u0105ba\u0107 lub popryzmowa\u0107 drewno do kominka na zim\u0119<\/li>\n<\/ul>\n<p><a href=\"http:\/\/gss.org.pl\/index.php\/kontakt\/\">Skontaktuj si\u0119 z nami<\/a><\/p>\n<p>Mamy do\u015bwiadczenie w rzetelnym i sumiennym \u015bwiadczeniu us\u0142ug porz\u0105dkowych<\/p>\n<p>Dysponujemy profesjonalnym sprz\u0119tem do sprz\u0105tania, a \u015brodki chemiczne przez nas wykorzystywane posiadaj\u0105 wszystkie wymagane atesty<br \/>\nDowodem naszych kompetencji s\u0105 poni\u017csze rekomendacje wystawione przez naszych Zleceniodawc\u00f3w<\/p>\n<h6>Prace zlecone Gda\u0144skiej Sp\u00f3\u0142dzielni Socjalnej przyczyniaj\u0105 si\u0119 do przywracania na rynek pracy os\u00f3b wykluczonych i zagro\u017conych wykluczeniem spo\u0142ecznym.<\/h6>\n\n\t\t<style type=\"text\/css\">\n\t\t\t#gallery-1 {\n\t\t\t\tmargin: auto;\n\t\t\t}\n\t\t\t#gallery-1 .gallery-item {\n\t\t\t\tfloat: left;\n\t\t\t\tmargin-top: 10px;\n\t\t\t\ttext-align: center;\n\t\t\t\twidth: 25%;\n\t\t\t}\n\t\t\t#gallery-1 img {\n\t\t\t\tborder: 2px solid #cfcfcf;\n\t\t\t}\n\t\t\t#gallery-1 .gallery-caption {\n\t\t\t\tmargin-left: 0;\n\t\t\t}\n\t\t\t\/* see gallery_shortcode() in wp-includes\/media.php *\/\n\t\t<\/style>\n\t\t<div id='gallery-1' class='gallery galleryid-1538 gallery-columns-4 gallery-size-thumbnail'><dl class='gallery-item'>\n\t\t\t<dt class='gallery-icon portrait'>\n\t\t\t\t<a href='https:\/\/gss.org.pl\/wp-content\/uploads\/2016\/01\/Referencje_porzadki_KK2.jpeg'><img loading=\"lazy\" decoding=\"async\" width=\"150\" height=\"150\" src=\"https:\/\/gss.org.pl\/wp-content\/uploads\/2016\/01\/Referencje_porzadki_KK2-150x150.jpeg\" class=\"attachment-thumbnail size-thumbnail\" alt=\"\" \/><\/a>\n\t\t\t<\/dt><\/dl><dl class='gallery-item'>\n\t\t\t<dt class='gallery-icon portrait'>\n\t\t\t\t<a href='https:\/\/gss.org.pl\/wp-content\/uploads\/2016\/01\/Referencje_porzadki_MOPS.jpeg'><img loading=\"lazy\" decoding=\"async\" width=\"150\" height=\"150\" src=\"https:\/\/gss.org.pl\/wp-content\/uploads\/2016\/01\/Referencje_porzadki_MOPS-150x150.jpeg\" class=\"attachment-thumbnail size-thumbnail\" alt=\"\" \/><\/a>\n\t\t\t<\/dt><\/dl><dl class='gallery-item'>\n\t\t\t<dt class='gallery-icon portrait'>\n\t\t\t\t<a href='https:\/\/gss.org.pl\/wp-content\/uploads\/2016\/01\/Referencje_porzadki_KK.jpeg'><img loading=\"lazy\" decoding=\"async\" width=\"150\" height=\"150\" src=\"https:\/\/gss.org.pl\/wp-content\/uploads\/2016\/01\/Referencje_porzadki_KK-150x150.jpeg\" class=\"attachment-thumbnail size-thumbnail\" alt=\"\" \/><\/a>\n\t\t\t<\/dt><\/dl><dl class='gallery-item'>\n\t\t\t<dt class='gallery-icon portrait'>\n\t\t\t\t<a href='https:\/\/gss.org.pl\/wp-content\/uploads\/2016\/01\/Referencje_porzadki_FOSA.jpeg'><img loading=\"lazy\" decoding=\"async\" width=\"150\" height=\"150\" src=\"https:\/\/gss.org.pl\/wp-content\/uploads\/2016\/01\/Referencje_porzadki_FOSA-150x150.jpeg\" class=\"attachment-thumbnail size-thumbnail\" alt=\"\" \/><\/a>\n\t\t\t<\/dt><\/dl><br style=\"clear: both\" \/>\n\t\t<\/div>\n\n","protected":false},"excerpt":{"rendered":"<p>Prowadzimy dzia\u0142alno\u015b\u0107 w zakresie utrzymania czysto\u015bci w budynkach, na terenach zewn\u0119trznych, porz\u0105dkowania teren\u00f3w zielonych, przywracania czysto\u015bci po remontach. Realizujemy inne prace porz\u0105dkowe zlecane przez Klienta takie jak np. od\u015bnie\u017canie czy pomoc w przeprowadzkach. Do ka\u017cdego zlecenia podchodzimy indywidualnie \u2013 tak, aby zawsze uzyska\u0107 maksymalne zadowolenie z us\u0142ug przez nas \u015bwiadczonych. Zakres oferowanych prac jest bardzo [&hellip;]<\/p>\n","protected":false},"author":2,"featured_media":0,"parent":0,"menu_order":0,"comment_status":"closed","ping_status":"closed","template":"","meta":{"footnotes":""},"class_list":["post-1538","page","type-page","status-publish","hentry"],"_links":{"self":[{"href":"https:\/\/gss.org.pl\/index.php\/wp-json\/wp\/v2\/pages\/1538","targetHints":{"allow":["GET"]}}],"collection":[{"href":"https:\/\/gss.org.pl\/index.php\/wp-json\/wp\/v2\/pages"}],"about":[{"href":"https:\/\/gss.org.pl\/index.php\/wp-json\/wp\/v2\/types\/page"}],"author":[{"embeddable":true,"href":"https:\/\/gss.org.pl\/index.php\/wp-json\/wp\/v2\/users\/2"}],"replies":[{"embeddable":true,"href":"https:\/\/gss.org.pl\/index.php\/wp-json\/wp\/v2\/comments?post=1538"}],"version-history":[{"count":4,"href":"https:\/\/gss.org.pl\/index.php\/wp-json\/wp\/v2\/pages\/1538\/revisions"}],"predecessor-version":[{"id":1601,"href":"https:\/\/gss.org.pl\/index.php\/wp-json\/wp\/v2\/pages\/1538\/revisions\/1601"}],"wp:attachment":[{"href":"https:\/\/gss.org.pl\/index.php\/wp-json\/wp\/v2\/media?parent=1538"}],"curies":[{"name":"wp","href":"https:\/\/api.w.org\/{rel}","templated":true}]}}