{"id":1552,"date":"2016-01-13T20:33:57","date_gmt":"2016-01-13T19:33:57","guid":{"rendered":"http:\/\/gss.org.pl\/gss2\/?page_id=1552"},"modified":"2023-02-09T16:42:16","modified_gmt":"2023-02-09T15:42:16","slug":"kontakt","status":"publish","type":"page","link":"https:\/\/gss.org.pl\/index.php\/kontakt\/","title":{"rendered":"Adres, godziny funkcjonowania"},"content":{"rendered":"<p><strong>Gda\u0144ska Sp\u00f3\u0142dzielnia Socjalna<\/strong><br \/>\nul. Solec 4; 80-564 Gda\u0144sk<br \/>\ntel. 533 143 093<br \/>\ngdagss@wp.pl<br \/>\nNIP 584-271-69-19<br \/>\nGodziny otwarcia:<br \/>\n8:00-15:30 od poniedzia\u0142ku do pi\u0105tku<\/p>\n<p><iframe loading=\"lazy\" style=\"border: 0;\" src=\"https:\/\/www.google.com\/maps\/embed?pb=!1m18!1m12!1m3!1d2322.446093522926!2d18.67097931538731!3d54.402098102808004!2m3!1f0!2f0!3f0!3m2!1i1024!2i768!4f13.1!3m3!1m2!1s0x46fd0cb02ba8a693%3A0xa522505f97a15e2!2sSolec+4%2C+Gda%C5%84sk!5e0!3m2!1spl!2spl!4v1455226990958\" width=\"600\" height=\"450\" frameborder=\"0\" allowfullscreen=\"allowfullscreen\"><\/iframe><\/p>\n","protected":false},"excerpt":{"rendered":"<p>Gda\u0144ska Sp\u00f3\u0142dzielnia Socjalna ul. Solec 4; 80-564 Gda\u0144sk tel. 533 143 093 gdagss@wp.pl NIP 584-271-69-19 Godziny otwarcia: 8:00-15:30 od poniedzia\u0142ku do pi\u0105tku<\/p>\n","protected":false},"author":2,"featured_media":0,"parent":0,"menu_order":0,"comment_status":"closed","ping_status":"closed","template":"","meta":{"footnotes":""},"class_list":["post-1552","page","type-page","status-publish","hentry"],"_links":{"self":[{"href":"https:\/\/gss.org.pl\/index.php\/wp-json\/wp\/v2\/pages\/1552","targetHints":{"allow":["GET"]}}],"collection":[{"href":"https:\/\/gss.org.pl\/index.php\/wp-json\/wp\/v2\/pages"}],"about":[{"href":"https:\/\/gss.org.pl\/index.php\/wp-json\/wp\/v2\/types\/page"}],"author":[{"embeddable":true,"href":"https:\/\/gss.org.pl\/index.php\/wp-json\/wp\/v2\/users\/2"}],"replies":[{"embeddable":true,"href":"https:\/\/gss.org.pl\/index.php\/wp-json\/wp\/v2\/comments?post=1552"}],"version-history":[{"count":16,"href":"https:\/\/gss.org.pl\/index.php\/wp-json\/wp\/v2\/pages\/1552\/revisions"}],"predecessor-version":[{"id":2706,"href":"https:\/\/gss.org.pl\/index.php\/wp-json\/wp\/v2\/pages\/1552\/revisions\/2706"}],"wp:attachment":[{"href":"https:\/\/gss.org.pl\/index.php\/wp-json\/wp\/v2\/media?parent=1552"}],"curies":[{"name":"wp","href":"https:\/\/api.w.org\/{rel}","templated":true}]}}