{"id":1797,"date":"2016-02-14T19:20:30","date_gmt":"2016-02-14T18:20:30","guid":{"rendered":"http:\/\/gss.org.pl\/gss2\/?page_id=1797"},"modified":"2021-03-14T11:54:59","modified_gmt":"2021-03-14T10:54:59","slug":"praca","status":"publish","type":"page","link":"https:\/\/gss.org.pl\/index.php\/praca\/","title":{"rendered":"Praca &#8211; Asystent Osoby Niepe\u0142nospranej \/ Opiekun \u015arodowiskowy"},"content":{"rendered":"<p><strong>SZUKASZ PRACY? ZG\u0141O\u015a SI\u0118:<\/strong><br \/>\nJe\u017celi jeste\u015b osob\u0105 bezrobotn\u0105, aktywnie poszukuj\u0105c\u0105 pracy, rencist\u0105 lub emerytem \u2013 zg\u0142o\u015b si\u0119 do nas. Pomo\u017cemy znale\u017a\u0107 prac\u0119 tymczasow\u0105, sezonow\u0105 lub sta\u0142e zatrudnienie.<\/p>\n<p><img loading=\"lazy\" decoding=\"async\" class=\"size-full wp-image-2317 aligncenter\" src=\"http:\/\/gss.org.pl\/wp-content\/uploads\/2019\/10\/asystent_.png\" alt=\"\" data-id=\"2317\" width=\"531\" height=\"797\" srcset=\"https:\/\/gss.org.pl\/wp-content\/uploads\/2019\/10\/asystent_.png 531w, https:\/\/gss.org.pl\/wp-content\/uploads\/2019\/10\/asystent_-200x300.png 200w\" sizes=\"auto, (max-width: 531px) 100vw, 531px\" \/><img loading=\"lazy\" decoding=\"async\" class=\"size-full wp-image-2316 aligncenter\" src=\"http:\/\/gss.org.pl\/wp-content\/uploads\/2019\/10\/opiekun_1.png\" alt=\"\" data-id=\"2316\" width=\"531\" height=\"797\" srcset=\"https:\/\/gss.org.pl\/wp-content\/uploads\/2019\/10\/opiekun_1.png 531w, https:\/\/gss.org.pl\/wp-content\/uploads\/2019\/10\/opiekun_1-200x300.png 200w\" sizes=\"auto, (max-width: 531px) 100vw, 531px\" \/><\/p>\n","protected":false},"excerpt":{"rendered":"<p>SZUKASZ PRACY? ZG\u0141O\u015a SI\u0118: Je\u017celi jeste\u015b osob\u0105 bezrobotn\u0105, aktywnie poszukuj\u0105c\u0105 pracy, rencist\u0105 lub emerytem \u2013 zg\u0142o\u015b si\u0119 do nas. Pomo\u017cemy znale\u017a\u0107 prac\u0119 tymczasow\u0105, sezonow\u0105 lub sta\u0142e zatrudnienie.<\/p>\n","protected":false},"author":2,"featured_media":0,"parent":0,"menu_order":0,"comment_status":"closed","ping_status":"closed","template":"","meta":{"footnotes":""},"class_list":["post-1797","page","type-page","status-publish","hentry"],"_links":{"self":[{"href":"https:\/\/gss.org.pl\/index.php\/wp-json\/wp\/v2\/pages\/1797","targetHints":{"allow":["GET"]}}],"collection":[{"href":"https:\/\/gss.org.pl\/index.php\/wp-json\/wp\/v2\/pages"}],"about":[{"href":"https:\/\/gss.org.pl\/index.php\/wp-json\/wp\/v2\/types\/page"}],"author":[{"embeddable":true,"href":"https:\/\/gss.org.pl\/index.php\/wp-json\/wp\/v2\/users\/2"}],"replies":[{"embeddable":true,"href":"https:\/\/gss.org.pl\/index.php\/wp-json\/wp\/v2\/comments?post=1797"}],"version-history":[{"count":15,"href":"https:\/\/gss.org.pl\/index.php\/wp-json\/wp\/v2\/pages\/1797\/revisions"}],"predecessor-version":[{"id":2497,"href":"https:\/\/gss.org.pl\/index.php\/wp-json\/wp\/v2\/pages\/1797\/revisions\/2497"}],"wp:attachment":[{"href":"https:\/\/gss.org.pl\/index.php\/wp-json\/wp\/v2\/media?parent=1797"}],"curies":[{"name":"wp","href":"https:\/\/api.w.org\/{rel}","templated":true}]}}