{"id":2018,"date":"2017-01-18T12:10:25","date_gmt":"2017-01-18T11:10:25","guid":{"rendered":"http:\/\/gss.org.pl\/?page_id=2018"},"modified":"2017-02-10T11:06:12","modified_gmt":"2017-02-10T10:06:12","slug":"gdanska-biblioteka-mobilna","status":"publish","type":"page","link":"https:\/\/gss.org.pl\/index.php\/gdanska-biblioteka-mobilna\/","title":{"rendered":"Gda\u0144ska Biblioteka Mobilna"},"content":{"rendered":"<p>Gda\u0144ska Biblioteka Mobilna ma na celu popraw\u0119 jako\u015bci \u017cycia senior\u00f3w i os\u00f3b niepe\u0142nosprawnych, kt\u00f3re na co dzie\u0144 nie maj\u0105 mo\u017cliwo\u015bci korzystania z bibliotek publicznych. Ksi\u0105\u017cki, czasopisma i gazety s\u0105 bezp\u0142atnie udost\u0119pniane i dostarczane do miejsca zamieszkania zainteresowanych os\u00f3b.<\/p>\n<p><a href=\"http:\/\/gss.org.pl\/wp-content\/uploads\/2017\/01\/Biblioteka-spis-ksi\u0105\u017cek.pdf\">Biblioteka &#8211; spis ksi\u0105\u017cek<\/a><\/p>\n<p>&nbsp;<\/p>\n<p>&nbsp;<\/p>\n\n\t\t<style type=\"text\/css\">\n\t\t\t#gallery-1 {\n\t\t\t\tmargin: auto;\n\t\t\t}\n\t\t\t#gallery-1 .gallery-item {\n\t\t\t\tfloat: left;\n\t\t\t\tmargin-top: 10px;\n\t\t\t\ttext-align: center;\n\t\t\t\twidth: 33%;\n\t\t\t}\n\t\t\t#gallery-1 img {\n\t\t\t\tborder: 2px solid #cfcfcf;\n\t\t\t}\n\t\t\t#gallery-1 .gallery-caption {\n\t\t\t\tmargin-left: 0;\n\t\t\t}\n\t\t\t\/* see gallery_shortcode() in wp-includes\/media.php *\/\n\t\t<\/style>\n\t\t<div id='gallery-1' class='gallery galleryid-2018 gallery-columns-3 gallery-size-medium'><dl class='gallery-item'>\n\t\t\t<dt class='gallery-icon portrait'>\n\t\t\t\t<a href='https:\/\/gss.org.pl\/wp-content\/uploads\/2016\/12\/KSIAZKI-2.png'><img loading=\"lazy\" decoding=\"async\" width=\"194\" height=\"300\" src=\"https:\/\/gss.org.pl\/wp-content\/uploads\/2016\/12\/KSIAZKI-2-194x300.png\" class=\"attachment-medium size-medium\" alt=\"\" srcset=\"https:\/\/gss.org.pl\/wp-content\/uploads\/2016\/12\/KSIAZKI-2-194x300.png 194w, https:\/\/gss.org.pl\/wp-content\/uploads\/2016\/12\/KSIAZKI-2.png 464w\" sizes=\"auto, (max-width: 194px) 100vw, 194px\" \/><\/a>\n\t\t\t<\/dt><\/dl><dl class='gallery-item'>\n\t\t\t<dt class='gallery-icon portrait'>\n\t\t\t\t<a href='https:\/\/gss.org.pl\/wp-content\/uploads\/2016\/12\/KSI\u0104ZKI.jpg'><img loading=\"lazy\" decoding=\"async\" width=\"199\" height=\"300\" src=\"https:\/\/gss.org.pl\/wp-content\/uploads\/2016\/12\/KSI\u0104ZKI-199x300.jpg\" class=\"attachment-medium size-medium\" alt=\"\" srcset=\"https:\/\/gss.org.pl\/wp-content\/uploads\/2016\/12\/KSI\u0104ZKI-199x300.jpg 199w, https:\/\/gss.org.pl\/wp-content\/uploads\/2016\/12\/KSI\u0104ZKI.jpg 464w\" sizes=\"auto, (max-width: 199px) 100vw, 199px\" \/><\/a>\n\t\t\t<\/dt><\/dl><dl class='gallery-item'>\n\t\t\t<dt class='gallery-icon portrait'>\n\t\t\t\t<a href='https:\/\/gss.org.pl\/wp-content\/uploads\/2016\/12\/KSIAZKI-3.png'><img loading=\"lazy\" decoding=\"async\" width=\"194\" height=\"300\" src=\"https:\/\/gss.org.pl\/wp-content\/uploads\/2016\/12\/KSIAZKI-3-194x300.png\" class=\"attachment-medium size-medium\" alt=\"\" srcset=\"https:\/\/gss.org.pl\/wp-content\/uploads\/2016\/12\/KSIAZKI-3-194x300.png 194w, https:\/\/gss.org.pl\/wp-content\/uploads\/2016\/12\/KSIAZKI-3.png 464w\" sizes=\"auto, (max-width: 194px) 100vw, 194px\" \/><\/a>\n\t\t\t<\/dt><\/dl><br style=\"clear: both\" \/>\n\t\t<\/div>\n\n","protected":false},"excerpt":{"rendered":"<p>Gda\u0144ska Biblioteka Mobilna ma na celu popraw\u0119 jako\u015bci \u017cycia senior\u00f3w i os\u00f3b niepe\u0142nosprawnych, kt\u00f3re na co dzie\u0144 nie maj\u0105 mo\u017cliwo\u015bci korzystania z bibliotek publicznych. Ksi\u0105\u017cki, czasopisma i gazety s\u0105 bezp\u0142atnie udost\u0119pniane i dostarczane do miejsca zamieszkania zainteresowanych os\u00f3b. Biblioteka &#8211; spis ksi\u0105\u017cek &nbsp; &nbsp;<\/p>\n","protected":false},"author":2,"featured_media":0,"parent":0,"menu_order":0,"comment_status":"closed","ping_status":"closed","template":"","meta":{"footnotes":""},"class_list":["post-2018","page","type-page","status-publish","hentry"],"_links":{"self":[{"href":"https:\/\/gss.org.pl\/index.php\/wp-json\/wp\/v2\/pages\/2018","targetHints":{"allow":["GET"]}}],"collection":[{"href":"https:\/\/gss.org.pl\/index.php\/wp-json\/wp\/v2\/pages"}],"about":[{"href":"https:\/\/gss.org.pl\/index.php\/wp-json\/wp\/v2\/types\/page"}],"author":[{"embeddable":true,"href":"https:\/\/gss.org.pl\/index.php\/wp-json\/wp\/v2\/users\/2"}],"replies":[{"embeddable":true,"href":"https:\/\/gss.org.pl\/index.php\/wp-json\/wp\/v2\/comments?post=2018"}],"version-history":[{"count":10,"href":"https:\/\/gss.org.pl\/index.php\/wp-json\/wp\/v2\/pages\/2018\/revisions"}],"predecessor-version":[{"id":2041,"href":"https:\/\/gss.org.pl\/index.php\/wp-json\/wp\/v2\/pages\/2018\/revisions\/2041"}],"wp:attachment":[{"href":"https:\/\/gss.org.pl\/index.php\/wp-json\/wp\/v2\/media?parent=2018"}],"curies":[{"name":"wp","href":"https:\/\/api.w.org\/{rel}","templated":true}]}}