{"id":2074,"date":"2017-06-14T11:41:17","date_gmt":"2017-06-14T09:41:17","guid":{"rendered":"http:\/\/gss.org.pl\/?page_id=2074"},"modified":"2018-09-12T11:45:18","modified_gmt":"2018-09-12T09:45:18","slug":"projekty-2","status":"publish","type":"page","link":"https:\/\/gss.org.pl\/index.php\/projekty-2\/","title":{"rendered":"Projekty"},"content":{"rendered":"<p>Gda\u0144ska Sp\u00f3\u0142dzielnia Socjalna realizuje projekty ze \u015brodk\u00f3w Europejskiego Funduszu Spo\u0142ecznego.<\/p>\n<p>Zapraszamy do zapoznania si\u0119 ze szczeg\u00f3\u0142owymi informacjami, kt\u00f3re znajduj\u0105 si\u0119 poni\u017cej:<\/p>\n<p><a href=\"http:\/\/gss.org.pl\/wp-content\/uploads\/2017\/06\/ZIT.docx\">System Aktywizacji Spo\u0142eczno &#8211; Zawodowej w Gda\u0144sku komponent aktywnej integracji 6.1.1 oraz komponent us\u0142ug spo\u0142ecznych 6.2.1<\/a><\/p>\n<p><a href=\"http:\/\/gss.org.pl\/wp-content\/uploads\/2017\/06\/Ca\u0142odobowe-Centrum-Wsparcia.docx\">Innowacja spo\u0142eczna pn.: \u201eDzi\u0119ki nam nie jeste\u015b sam &#8211; ca\u0142odobowe centrum wsparcia dla os\u00f3b niesamodzielnych na terenie miasta Gda\u0144sk\u201d<\/a><\/p>\n<p><a href=\"http:\/\/gss.org.pl\/index.php\/2148-2\/\">Testowanie innowacji spo\u0142ecznej &#8222;\u201eZ dobrej r\u0119ki \u2013 sklep charytatywny\u201d. Model aktywizacji zawodowej os\u00f3b oddalonych od rynku pracy na przyk\u0142adzie dzia\u0142alno\u015bci sklepu charytatywnego&#8221;<\/a><\/p>\n","protected":false},"excerpt":{"rendered":"<p>Gda\u0144ska Sp\u00f3\u0142dzielnia Socjalna realizuje projekty ze \u015brodk\u00f3w Europejskiego Funduszu Spo\u0142ecznego. Zapraszamy do zapoznania si\u0119 ze szczeg\u00f3\u0142owymi informacjami, kt\u00f3re znajduj\u0105 si\u0119 poni\u017cej: System Aktywizacji Spo\u0142eczno &#8211; Zawodowej w Gda\u0144sku komponent aktywnej integracji 6.1.1 oraz komponent us\u0142ug spo\u0142ecznych 6.2.1 Innowacja spo\u0142eczna pn.: \u201eDzi\u0119ki nam nie jeste\u015b sam &#8211; ca\u0142odobowe centrum wsparcia dla os\u00f3b niesamodzielnych na terenie miasta [&hellip;]<\/p>\n","protected":false},"author":2,"featured_media":0,"parent":0,"menu_order":0,"comment_status":"closed","ping_status":"closed","template":"","meta":{"footnotes":""},"class_list":["post-2074","page","type-page","status-publish","hentry"],"_links":{"self":[{"href":"https:\/\/gss.org.pl\/index.php\/wp-json\/wp\/v2\/pages\/2074","targetHints":{"allow":["GET"]}}],"collection":[{"href":"https:\/\/gss.org.pl\/index.php\/wp-json\/wp\/v2\/pages"}],"about":[{"href":"https:\/\/gss.org.pl\/index.php\/wp-json\/wp\/v2\/types\/page"}],"author":[{"embeddable":true,"href":"https:\/\/gss.org.pl\/index.php\/wp-json\/wp\/v2\/users\/2"}],"replies":[{"embeddable":true,"href":"https:\/\/gss.org.pl\/index.php\/wp-json\/wp\/v2\/comments?post=2074"}],"version-history":[{"count":6,"href":"https:\/\/gss.org.pl\/index.php\/wp-json\/wp\/v2\/pages\/2074\/revisions"}],"predecessor-version":[{"id":2162,"href":"https:\/\/gss.org.pl\/index.php\/wp-json\/wp\/v2\/pages\/2074\/revisions\/2162"}],"wp:attachment":[{"href":"https:\/\/gss.org.pl\/index.php\/wp-json\/wp\/v2\/media?parent=2074"}],"curies":[{"name":"wp","href":"https:\/\/api.w.org\/{rel}","templated":true}]}}