{"id":2548,"date":"2021-04-07T20:23:11","date_gmt":"2021-04-07T18:23:11","guid":{"rendered":"http:\/\/gss.org.pl\/?page_id=2548"},"modified":"2021-04-07T20:23:12","modified_gmt":"2021-04-07T18:23:12","slug":"meble-od-serca","status":"publish","type":"page","link":"https:\/\/gss.org.pl\/index.php\/meble-od-serca\/","title":{"rendered":"Meble od serca"},"content":{"rendered":"\n<p>Gda\u0144ska Sp\u00f3\u0142dzielnia Socjalna od kilu lat realizuje z powodzeniem projekt \u201eProwadzenie punktu odbioru i renowacji mebli oraz wsparcie pracami porz\u0105dkowymi mieszka\u0144 &#8211; \u201eMEBLE OD SERCA\u201d. Projekt jest wsp\u00f3\u0142finansowany przez Gmin\u0119 Miasta Gda\u0144ska i jest realizowany we wsp\u00f3\u0142pracy z Miejskim O\u015brodkiem Pomocy Rodzinie w Gda\u0144sku.<\/p>\n\n\n\n<p>Projekt \u201eMeble od serca\u201d ma dwa zasadnicze cele, z jednej strony dedykowany jest osobom oddalonym od rynku pracy, z drugiej strony ma wp\u0142yn\u0105\u0107 na popraw\u0119 jako\u015bci \u017cycia os\u00f3b wspieranych przez Miejski O\u015brodek Pomocy Rodzinie w Gda\u0144sku, szczeg\u00f3lnie senior\u00f3w, os\u00f3b z niepe\u0142nosprawno\u015bci\u0105, samotnych matek, os\u00f3b wychodz\u0105cych z bezdomno\u015bci. Zmiana jako\u015bciowa polega na doposa\u017ceniu mieszka\u0144 w meble, a w niekt\u00f3rych przypadkach na bardzo gruntownych pracach porz\u0105dkowych. Projekt \u201eMeble od serca\u201d pozwala na realizacj\u0119 \u015bcie\u017cki aktywizacji zawodowej osobom, kt\u00f3re od dawna nie podejmowa\u0142y zatrudnienia i w zwi\u0105zku z tym maj\u0105 problemy w wypracowaniu w\u0142a\u015bciwych nawyk\u00f3w zwi\u0105zanych z prac\u0105. Zatrudniane przez Sp\u00f3\u0142dzielni\u0119 osoby otrzymuj\u0105 wsparcie od koordynatora projektu, animatora pracy je\u017celi zachodzi taka potrzeba i bardziej ju\u017c do\u015bwiadczonych pracownik\u00f3w Sp\u00f3\u0142dzielni. W ramach projektu g\u0142\u00f3wnie wykonywane s\u0105 prace gospodarcze polegaj\u0105ce m.in. na: gruntownych us\u0142ugach porz\u0105dkowych, wnoszeniu mebli, odnawianiu i od\u015bwie\u017caniu mebli darowanych przez ludzi o dobrych sercach. &nbsp;<\/p>\n\n\n\n<p>Gda\u0144ska Sp\u00f3\u0142dzielnia Socjalna jest jednym z najwi\u0119kszych \u015bwiadczeniodawc\u00f3w us\u0142ug opieku\u0144czych na terenie Gda\u0144ska i na co dzie\u0144 jej pracownicy maj\u0105 sta\u0142y kontakt z osobami, kt\u00f3re potrzebuj\u0105 doposa\u017cenia mieszka\u0144 w meble, szczeg\u00f3lnie w \u0142\u00f3\u017cka, meble kuchenne oraz drobny sprz\u0119t AGD. &nbsp;Cz\u0119sto s\u0105 to osoby samotne, posiadaj\u0105ce \u015brodki finansowe tylko i wy\u0142\u0105cznie na zaspokojenie bie\u017c\u0105cych potrzeb.<\/p>\n\n\n\n<p>Od lat Sp\u00f3\u0142dzielnia poszukuje r\u00f3\u017cnorodnych form wsparcia os\u00f3b, kt\u00f3re maj\u0105 problemy w normalnym funkcjonowaniu w celu poprawy jako\u015bci ich \u017cycia i bezpiecze\u0144stwa. Projekt \u201eMeble od serca\u201d zaspokaja cz\u0119sto nieujawnione wr\u0119cz wcze\u015bniej potrzeby. Projekt z roku na rok cieszy si\u0119 coraz wi\u0119kszym zainteresowaniem, co pokazuje, \u017ce w naszym mie\u015bcie mieszka du\u017co os\u00f3b potrzebuj\u0105cych wsparcia w ramach tzw. wi\u0105zki us\u0142ug spo\u0142ecznych.<\/p>\n\n\n\n<p>Oczywi\u015bcie realizacja projektu nie by\u0142aby mo\u017cliwa gdyby nie nasi wspaniali Darczy\u0144cy, kt\u00f3rym dzi\u0119kujemy z ca\u0142ego serca za wsparcie, zaanga\u017cowanie i oczywi\u015bcie meble, sprz\u0119t AGD czy wyposa\u017cenie kuchni.<\/p>\n","protected":false},"excerpt":{"rendered":"<p>Gda\u0144ska Sp\u00f3\u0142dzielnia Socjalna od kilu lat realizuje z powodzeniem projekt \u201eProwadzenie punktu odbioru i renowacji mebli oraz wsparcie pracami porz\u0105dkowymi mieszka\u0144 &#8211; \u201eMEBLE OD SERCA\u201d. Projekt jest wsp\u00f3\u0142finansowany przez Gmin\u0119 Miasta Gda\u0144ska i jest realizowany we wsp\u00f3\u0142pracy z Miejskim O\u015brodkiem Pomocy Rodzinie w Gda\u0144sku. Projekt \u201eMeble od serca\u201d ma dwa zasadnicze cele, z jednej strony [&hellip;]<\/p>\n","protected":false},"author":4,"featured_media":0,"parent":0,"menu_order":0,"comment_status":"closed","ping_status":"closed","template":"","meta":{"footnotes":""},"class_list":["post-2548","page","type-page","status-publish","hentry"],"_links":{"self":[{"href":"https:\/\/gss.org.pl\/index.php\/wp-json\/wp\/v2\/pages\/2548","targetHints":{"allow":["GET"]}}],"collection":[{"href":"https:\/\/gss.org.pl\/index.php\/wp-json\/wp\/v2\/pages"}],"about":[{"href":"https:\/\/gss.org.pl\/index.php\/wp-json\/wp\/v2\/types\/page"}],"author":[{"embeddable":true,"href":"https:\/\/gss.org.pl\/index.php\/wp-json\/wp\/v2\/users\/4"}],"replies":[{"embeddable":true,"href":"https:\/\/gss.org.pl\/index.php\/wp-json\/wp\/v2\/comments?post=2548"}],"version-history":[{"count":1,"href":"https:\/\/gss.org.pl\/index.php\/wp-json\/wp\/v2\/pages\/2548\/revisions"}],"predecessor-version":[{"id":2550,"href":"https:\/\/gss.org.pl\/index.php\/wp-json\/wp\/v2\/pages\/2548\/revisions\/2550"}],"wp:attachment":[{"href":"https:\/\/gss.org.pl\/index.php\/wp-json\/wp\/v2\/media?parent=2548"}],"curies":[{"name":"wp","href":"https:\/\/api.w.org\/{rel}","templated":true}]}}