{"id":2569,"date":"2021-04-08T14:15:51","date_gmt":"2021-04-08T12:15:51","guid":{"rendered":"http:\/\/gss.org.pl\/?page_id=2569"},"modified":"2024-10-03T18:56:48","modified_gmt":"2024-10-03T16:56:48","slug":"witaj","status":"publish","type":"page","link":"https:\/\/gss.org.pl\/","title":{"rendered":"Witaj!"},"content":{"rendered":"\n<p><\/p>\n\n\n\n<p class=\"has-medium-font-size\"><em>Zesp\u00f3\u0142 Gda\u0144skiej Sp\u00f3\u0142dzielni Socjalnej wspiera osoby potrzebuj\u0105ce pomocy w czynno\u015bciach dnia codziennego, jak r\u00f3wnie\u017c osoby maj\u0105ce problemy w odnalezieniu si\u0119 na rynku pracy.<\/em><\/p>\n\n\n\n<p class=\"has-medium-font-size\"><em>Instytucje, organizacje i firmy maj\u0105 w nas rzetelnego, sprawdzonego partnera potrafi\u0105cego umiej\u0119tnie je wspiera\u0107 w realizacji kluczowych dla nich zada\u0144.<\/em><\/p>\n\n\n\n<p class=\"has-medium-font-size\"><em>Spo\u0142eczno\u015b\u0107 lokalna i strony zainteresowane mog\u0105 liczy\u0107 na nasze zaanga\u017cowanie w wyzwalanie pozytywnej energii i dzia\u0142ania na rzecz naszego miasta i jego mieszka\u0144c\u00f3w.<\/em><\/p>\n\n\n\n<p class=\"has-medium-font-size\"><em>Nasze do\u015bwiadczenie i praca, elastyczno\u015b\u0107 i zaanga\u017cowanie w realizacj\u0119 zada\u0144 przek\u0142ada si\u0119 na popraw\u0119 jako\u015bci \u017cycia i wzrost poczucia bezpiecze\u0144stwa mieszka\u0144c\u00f3w Gda\u0144ska.<\/em><\/p>\n\n\n\n<p class=\"has-medium-font-size\"><em>Z powodzeniem realizujemy wi\u0105zki us\u0142ug spo\u0142ecznych oraz us\u0142ugi na rzecz instytucji i firm. Jeste\u015bmy na rynku ju\u017c 10 lat.<\/em><\/p>\n\n\n\n<p class=\"has-medium-font-size\"><em>Mamy nadziej\u0119, \u017ce dzi\u0119ki naszej stronie poznasz nas lepiej. Zapoznaj si\u0119 z nasz\u0105 ofert\u0105. Zadawaj pytania.<\/em><\/p>\n\n\n\n<p class=\"has-medium-font-size\"><em>Zach\u0119camy do wsp\u00f3\u0142pracy i kontaktu.<\/em><\/p>\n\n\n\n<p class=\"has-medium-font-size\"><em>Pami\u0119taj &#8211; Dzi\u0119ki nam nie jeste\u015b sam.<\/em><\/p>\n\n\n\n<p><\/p>\n","protected":false},"excerpt":{"rendered":"<p>Zesp\u00f3\u0142 Gda\u0144skiej Sp\u00f3\u0142dzielni Socjalnej wspiera osoby potrzebuj\u0105ce pomocy w czynno\u015bciach dnia codziennego, jak r\u00f3wnie\u017c osoby maj\u0105ce problemy w odnalezieniu si\u0119 na rynku pracy. Instytucje, organizacje i firmy maj\u0105 w nas rzetelnego, sprawdzonego partnera potrafi\u0105cego umiej\u0119tnie je wspiera\u0107 w realizacji kluczowych dla nich zada\u0144. Spo\u0142eczno\u015b\u0107 lokalna i strony zainteresowane mog\u0105 liczy\u0107 na nasze zaanga\u017cowanie w wyzwalanie [&hellip;]<\/p>\n","protected":false},"author":4,"featured_media":0,"parent":0,"menu_order":0,"comment_status":"closed","ping_status":"closed","template":"","meta":{"footnotes":""},"class_list":["post-2569","page","type-page","status-publish","hentry"],"_links":{"self":[{"href":"https:\/\/gss.org.pl\/index.php\/wp-json\/wp\/v2\/pages\/2569","targetHints":{"allow":["GET"]}}],"collection":[{"href":"https:\/\/gss.org.pl\/index.php\/wp-json\/wp\/v2\/pages"}],"about":[{"href":"https:\/\/gss.org.pl\/index.php\/wp-json\/wp\/v2\/types\/page"}],"author":[{"embeddable":true,"href":"https:\/\/gss.org.pl\/index.php\/wp-json\/wp\/v2\/users\/4"}],"replies":[{"embeddable":true,"href":"https:\/\/gss.org.pl\/index.php\/wp-json\/wp\/v2\/comments?post=2569"}],"version-history":[{"count":11,"href":"https:\/\/gss.org.pl\/index.php\/wp-json\/wp\/v2\/pages\/2569\/revisions"}],"predecessor-version":[{"id":2732,"href":"https:\/\/gss.org.pl\/index.php\/wp-json\/wp\/v2\/pages\/2569\/revisions\/2732"}],"wp:attachment":[{"href":"https:\/\/gss.org.pl\/index.php\/wp-json\/wp\/v2\/media?parent=2569"}],"curies":[{"name":"wp","href":"https:\/\/api.w.org\/{rel}","templated":true}]}}