{"id":2586,"date":"2021-04-11T12:04:59","date_gmt":"2021-04-11T10:04:59","guid":{"rendered":"http:\/\/gss.org.pl\/?page_id=2586"},"modified":"2021-04-11T12:05:00","modified_gmt":"2021-04-11T10:05:00","slug":"korzysci-wynikajace-ze-wspolpracy-z-nami","status":"publish","type":"page","link":"https:\/\/gss.org.pl\/index.php\/korzysci-wynikajace-ze-wspolpracy-z-nami\/","title":{"rendered":"Korzy\u015bci wynikaj\u0105ce ze wsp\u00f3\u0142pracy z nami"},"content":{"rendered":"\n<p><strong>+ Do\u015bwiadczenie<\/strong><\/p>\n\n\n\n<p>Wsp\u00f3\u0142pracujemy z wieloma: instytucjami, urz\u0119dami, sp\u00f3\u0142kami miejskimi, firmami prywatnymi, organizacjami pozarz\u0105dowymi i podmiotami ekonomii spo\u0142ecznej, klientami indywidualnymi.&nbsp; Zdobyta w wyniku wsp\u00f3\u0142pracy wiedza i do\u015bwiadczenie naszych pracownik\u00f3w gwarantuje wysok\u0105 jako\u015b\u0107 us\u0142ug i profesjonaln\u0105 pomoc podczas doboru zakresu odpowiedniej us\u0142ugi.<\/p>\n\n\n\n<p><strong>+ Profesjonalizm w dzia\u0142aniu<\/strong><\/p>\n\n\n\n<p>Zatrudniamy ponad 250 wykwalifikowanych i do\u015bwiadczonych pracownik\u00f3w. Nasz personel obj\u0119ty jest polityk\u0105 szkoleniow\u0105 dostosowan\u0105 do indywidualnych potrzeb os\u00f3b zatrudnionych, wymaga\u0144 na konkretnych stanowiskach pracy i realizowanych zada\u0144. Zapewniamy dla naszych pracownik\u00f3w, kt\u00f3rzy zg\u0142osz\u0105 tak\u0105 potrzeb\u0119 wsparcie psychologa w zakresie radzenia sobie ze stresem, przeciwdzia\u0142ania wypaleniu zawodowemu, radzenia sobie z konfliktami, itp.<\/p>\n\n\n\n<p><strong>+ Bezpiecze\u0144stwo i jako\u015b\u0107 realizowanych us\u0142ug<\/strong><\/p>\n\n\n\n<p>Realizuj\u0105c zadania wykorzystujemy wy\u0142\u0105cznie sprawdzone preparaty, sprz\u0119t, narz\u0119dzia i urz\u0105dzenia wiod\u0105cych producent\u00f3w. Nasz personel zosta\u0142 przeszkolony w zakresie odpowiedniego u\u017cytkowania \u015brodk\u00f3w czysto\u015bci, \u015brodk\u00f3w dezynfekcyjnych i obs\u0142ugi sprz\u0119tu mechanicznego. Ponadto zaopatrujemy naszych pracownik\u00f3w w \u015brodki ochrony indywidualnej oraz odpowiedni str\u00f3j.<\/p>\n\n\n\n<p><strong>+ Spo\u0142eczna Odpowiedzialno\u015b\u0107 Biznesu (CSR)<\/strong><\/p>\n\n\n\n<p>W 2015 roku rozpocz\u0119li\u015bmy budow\u0119 Strategii Spo\u0142ecznej Odpowiedzialno\u015bci (Strategia CSR), w oparciu o wskaz\u00f3wki i metodologi\u0119 promowan\u0105 przez norm\u0119 ISO 26000. Wdro\u017cenie Strategii CSR traktujemy jako dzia\u0142anie innowacyjne. Kluczowe dla nas obszary to:<\/p>\n\n\n\n<ul class=\"wp-block-list\"><li>Praktyki z zakresu prawa pracy (6.4)<\/li><li>Zagadnienia konsumenckie (6.7)<\/li><li>Zaanga\u017cowanie spo\u0142eczne i rozw\u00f3j spo\u0142eczno\u015bci lokalnej (6.8)<\/li><\/ul>\n\n\n\n<p>Realizacj\u0119 za\u0142o\u017ce\u0144 do strategii CSR wprowadzili\u015bmy poprzez:<\/p>\n\n\n\n<ul class=\"wp-block-list\"><li>Inwestycje w ergonomiczne narz\u0119dzia pracy<\/li><li>Dba\u0142o\u015b\u0107 o bezpiecze\u0144stwo naszych pracownik\u00f3w i wsp\u00f3\u0142pracownik\u00f3w<\/li><li>Przyj\u0119cie Polityki definiuj\u0105cej podstawowe warto\u015bci przez nas wyznawane i kierunki naszego dzia\u0142ania<\/li><li>Wspieranie os\u00f3b z grup defaworyzowanych w wej\u015bciu na rynek pracy<\/li><\/ul>\n\n\n\n<p>Nasza Polityka sprawia, \u017ce jeste\u015bmy po\u017c\u0105danym pracodawc\u0105 na rynku lokalnym. Jednocze\u015bnie oznacza to, \u017ce nasza oferta prawdopodobnie nie jest najta\u0144sza na rynku. Uwa\u017camy, \u017ce najni\u017csze ceny us\u0142ug nie zapewniaj\u0105 godnych warunk\u00f3w zatrudnienia i wysokiej jako\u015bci.<\/p>\n\n\n\n<p>Dzi\u0119ki wsp\u00f3\u0142pracy z nami nast\u0119puje wzrost wydajno\u015bci funkcjonowania biznesu dzi\u0119ki skupieniu si\u0119 na kluczowych dla Klient\u00f3w zadaniach.<\/p>\n\n\n\n<p>Dla naszych Klient\u00f3w tworzymy kompleksowe rozwi\u0105zania, kt\u00f3re optymalizuj\u0105 ich wydatki.<\/p>\n\n\n\n<p>Decyduj\u0105c si\u0119 na wsp\u00f3\u0142prac\u0119 z nami zyskujecie Pa\u0144stwo solidnego, niezawodnego i&nbsp; odpowiedzialnego spo\u0142ecznie partnera biznesowego.<\/p>\n\n\n\n<p>Spo\u0142eczna Odpowiedzialno\u015b\u0107 Biznesu nie jest dla Ciebie tylko i wy\u0142\u0105cznie sloganem,<\/p>\n\n\n\n<p>rozpocznij profesjonaln\u0105 wsp\u00f3\u0142prac\u0119 z nami gdy\u017c wyznajemy podobne warto\u015bci<br>w prowadzeniu dzia\u0142alno\u015bci gospodarczej.<\/p>\n","protected":false},"excerpt":{"rendered":"<p>+ Do\u015bwiadczenie Wsp\u00f3\u0142pracujemy z wieloma: instytucjami, urz\u0119dami, sp\u00f3\u0142kami miejskimi, firmami prywatnymi, organizacjami pozarz\u0105dowymi i podmiotami ekonomii spo\u0142ecznej, klientami indywidualnymi.&nbsp; Zdobyta w wyniku wsp\u00f3\u0142pracy wiedza i do\u015bwiadczenie naszych pracownik\u00f3w gwarantuje wysok\u0105 jako\u015b\u0107 us\u0142ug i profesjonaln\u0105 pomoc podczas doboru zakresu odpowiedniej us\u0142ugi. + Profesjonalizm w dzia\u0142aniu Zatrudniamy ponad 250 wykwalifikowanych i do\u015bwiadczonych pracownik\u00f3w. Nasz personel obj\u0119ty jest [&hellip;]<\/p>\n","protected":false},"author":4,"featured_media":0,"parent":0,"menu_order":0,"comment_status":"closed","ping_status":"closed","template":"","meta":{"footnotes":""},"class_list":["post-2586","page","type-page","status-publish","hentry"],"_links":{"self":[{"href":"https:\/\/gss.org.pl\/index.php\/wp-json\/wp\/v2\/pages\/2586","targetHints":{"allow":["GET"]}}],"collection":[{"href":"https:\/\/gss.org.pl\/index.php\/wp-json\/wp\/v2\/pages"}],"about":[{"href":"https:\/\/gss.org.pl\/index.php\/wp-json\/wp\/v2\/types\/page"}],"author":[{"embeddable":true,"href":"https:\/\/gss.org.pl\/index.php\/wp-json\/wp\/v2\/users\/4"}],"replies":[{"embeddable":true,"href":"https:\/\/gss.org.pl\/index.php\/wp-json\/wp\/v2\/comments?post=2586"}],"version-history":[{"count":1,"href":"https:\/\/gss.org.pl\/index.php\/wp-json\/wp\/v2\/pages\/2586\/revisions"}],"predecessor-version":[{"id":2588,"href":"https:\/\/gss.org.pl\/index.php\/wp-json\/wp\/v2\/pages\/2586\/revisions\/2588"}],"wp:attachment":[{"href":"https:\/\/gss.org.pl\/index.php\/wp-json\/wp\/v2\/media?parent=2586"}],"curies":[{"name":"wp","href":"https:\/\/api.w.org\/{rel}","templated":true}]}}