{"id":2602,"date":"2021-05-02T11:46:07","date_gmt":"2021-05-02T09:46:07","guid":{"rendered":"http:\/\/gss.org.pl\/?page_id=2602"},"modified":"2021-05-02T13:48:43","modified_gmt":"2021-05-02T11:48:43","slug":"mapa-strony-gss-org-pl","status":"publish","type":"page","link":"https:\/\/gss.org.pl\/index.php\/mapa-strony-gss-org-pl\/","title":{"rendered":"Mapa strony"},"content":{"rendered":"\n<pre class=\"wp-block-preformatted\"><strong><div class=\"wsp-container\"><h2 class=\"wsp-pages-title\">Pages<\/h2>\n<ul class=\"wsp-pages-list\">\n<li class=\"page_item page-item-1552\"><a href=\"https:\/\/gss.org.pl\/index.php\/kontakt\/\">Adres, godziny funkcjonowania<\/a><\/li>\n<li class=\"page_item page-item-2532\"><a href=\"https:\/\/gss.org.pl\/index.php\/aktywizacja-zawodowa\/\">Aktywizacja zawodowa<\/a><\/li>\n<li class=\"page_item page-item-2209\"><a href=\"https:\/\/gss.org.pl\/index.php\/asystent-osoby-niepelnosprawnej\/\">Asystent osobisty osoby z zaburzeniami psychicznymi<\/a><\/li>\n<li class=\"page_item page-item-2326\"><a href=\"https:\/\/gss.org.pl\/index.php\/bezpieczenstwo-danych-osobowych\/\">Bezpiecze\u0144stwo Danych Osobowych<\/a><\/li>\n<li class=\"page_item page-item-1770\"><a href=\"https:\/\/gss.org.pl\/index.php\/certyfikat-iso-90012008\/\">Certyfikat ISO 9001:2015<\/a><\/li>\n<li class=\"page_item page-item-2018\"><a href=\"https:\/\/gss.org.pl\/index.php\/gdanska-biblioteka-mobilna\/\">Gda\u0144ska Biblioteka Mobilna<\/a><\/li>\n<li class=\"page_item page-item-1534\"><a href=\"https:\/\/gss.org.pl\/index.php\/uslugi-opiekuncze\/\">Gda\u0144ska Sp\u00f3\u0142dzielnia Socjalna \u2013 profesjonalne us\u0142ugi opieku\u0144cze w miejscu zamieszkania<\/a><\/li>\n<li class=\"page_item page-item-1754\"><a href=\"https:\/\/gss.org.pl\/index.php\/gdanska-spoldzielnia-socjalna-super-pracodawca-2015\/\">Gda\u0144ska Sp\u00f3\u0142dzielnia Socjalna Super Pracodawc\u0105 2015<\/a><\/li>\n<li class=\"page_item page-item-1550\"><a href=\"https:\/\/gss.org.pl\/index.php\/inkubacja\/\">Inkubacja<\/a><\/li>\n<li class=\"page_item page-item-1528\"><a href=\"https:\/\/gss.org.pl\/index.php\/jakosc-w-gss\/\">Jako\u015b\u0107 w GSS<\/a><\/li>\n<li class=\"page_item page-item-1782\"><a href=\"https:\/\/gss.org.pl\/index.php\/jakosc-w-gss-2\/\">Jako\u015b\u0107 w GSS<\/a><\/li>\n<li class=\"page_item page-item-2515\"><a href=\"https:\/\/gss.org.pl\/index.php\/kim-jestesmy\/\">Kim jeste\u015bmy<\/a><\/li>\n<li class=\"page_item page-item-2329\"><a href=\"https:\/\/gss.org.pl\/index.php\/klauzule-informacyjne\/\">Klauzule informacyjne<\/a><\/li>\n<li class=\"page_item page-item-2717\"><a href=\"https:\/\/gss.org.pl\/index.php\/klub-integracji-spolecznej\/\">Klub Integracji Spo\u0142ecznej<\/a><\/li>\n<li class=\"page_item page-item-2586\"><a href=\"https:\/\/gss.org.pl\/index.php\/korzysci-wynikajace-ze-wspolpracy-z-nami\/\">Korzy\u015bci wynikaj\u0105ce ze wsp\u00f3\u0142pracy z nami<\/a><\/li>\n<li class=\"page_item page-item-1517\"><a href=\"https:\/\/gss.org.pl\/index.php\/lodolamacze-2015\/\">Lodo\u0142amacze 2015<\/a><\/li>\n<li class=\"page_item page-item-2602\"><a href=\"https:\/\/gss.org.pl\/index.php\/mapa-strony-gss-org-pl\/\">Mapa strony<\/a><\/li>\n<li class=\"page_item page-item-2548\"><a href=\"https:\/\/gss.org.pl\/index.php\/meble-od-serca\/\">Meble od serca<\/a><\/li>\n<li class=\"page_item page-item-1784\"><a href=\"https:\/\/gss.org.pl\/index.php\/media-o-gss\/\">Media o GSS<\/a><\/li>\n<li class=\"page_item page-item-2084\"><a href=\"https:\/\/gss.org.pl\/index.php\/media-o-nas\/\">Media o nas<\/a><\/li>\n<li class=\"page_item page-item-2\"><a href=\"https:\/\/gss.org.pl\/index.php\/o-nas\/\">O nas<\/a><\/li>\n<li class=\"page_item page-item-1542\"><a href=\"https:\/\/gss.org.pl\/index.php\/poligrafia\/\">Poligrafia<\/a><\/li>\n<li class=\"page_item page-item-2482\"><a href=\"https:\/\/gss.org.pl\/index.php\/polityka-jakosci\/\">Polityka Jako\u015bci<\/a><\/li>\n<li class=\"page_item page-item-1519\"><a href=\"https:\/\/gss.org.pl\/index.php\/pomorska-nagroda-jakosci-2015\/\">Pomorska Nagroda Jako\u015bci 2015<\/a><\/li>\n<li class=\"page_item page-item-1825\"><a href=\"https:\/\/gss.org.pl\/index.php\/pomorska-nagroda-jakosci-2016\/\">Pomorska Nagroda Jako\u015bci 2016<\/a><\/li>\n<li class=\"page_item page-item-1797\"><a href=\"https:\/\/gss.org.pl\/index.php\/praca\/\">Praca &#8211; Asystent Osoby Niepe\u0142nospranej \/ Opiekun \u015arodowiskowy<\/a><\/li>\n<li class=\"page_item page-item-2074\"><a href=\"https:\/\/gss.org.pl\/index.php\/projekty-2\/\">Projekty<\/a><\/li>\n<li class=\"page_item page-item-2098\"><a href=\"https:\/\/gss.org.pl\/index.php\/punkt-odnowy-renowacji-mebli\/\">Punkt Odnowy \/ Renowacji Mebli<\/a><\/li>\n<li class=\"page_item page-item-1774\"><a href=\"https:\/\/gss.org.pl\/index.php\/rekomendacje-2\/\">Rekomendacje<\/a><\/li>\n<li class=\"page_item page-item-1526\"><a href=\"https:\/\/gss.org.pl\/index.php\/rekomendacje\/\">Rekomendacje<\/a><\/li>\n<li class=\"page_item page-item-2489\"><a href=\"https:\/\/gss.org.pl\/index.php\/rekrutacja-specjalista-ds-administracyjnych\/\">Rekrutacja &#8211; Specjalista ds. administracyjnych<\/a><\/li>\n<li class=\"page_item page-item-2528\"><a href=\"https:\/\/gss.org.pl\/index.php\/sklep-inny-niz-wszystkie-z-dobrej-reki-sklep-charytatywny\/\">Sklep inny ni\u017c wszystkie \u201eZ dobrej r\u0119ki \u2013 sklep charytatywny\u201d<\/a><\/li>\n<li class=\"page_item page-item-1521\"><a href=\"https:\/\/gss.org.pl\/index.php\/super-pracodawca-2014\/\">Super Pracodawca 2014<\/a><\/li>\n<li class=\"page_item page-item-1538\"><a href=\"https:\/\/gss.org.pl\/index.php\/uslugi-porzadkowe\/\">Us\u0142ugi porz\u0105dkowe<\/a><\/li>\n<li class=\"page_item page-item-1536\"><a href=\"https:\/\/gss.org.pl\/index.php\/uslugi-remontowe\/\">Us\u0142ugi remontowe<\/a><\/li>\n<li class=\"page_item page-item-2569\"><a href=\"https:\/\/gss.org.pl\/\">Witaj!<\/a><\/li>\n<li class=\"page_item page-item-1540\"><a href=\"https:\/\/gss.org.pl\/index.php\/wizyty-studyjneszkolenia\/\">Wizyty studyjne\/szkolenia<\/a><\/li>\n<li class=\"page_item page-item-2523\"><a href=\"https:\/\/gss.org.pl\/index.php\/wspolpraca-z-gmg\/\">Wsp\u00f3\u0142praca z GMG<\/a><\/li>\n<li class=\"page_item page-item-2226\"><a href=\"https:\/\/gss.org.pl\/index.php\/wydarzenia\/\">Wydarzenia<\/a><\/li>\n<li class=\"page_item page-item-2148\"><a href=\"https:\/\/gss.org.pl\/index.php\/2148-2\/\">Z dobrej r\u0119ki &#8211; sklep charytatywny<\/a><\/li>\n<li class=\"page_item page-item-1511\"><a href=\"https:\/\/gss.org.pl\/index.php\/zarzad\/\">Zarz\u0105d<\/a><\/li>\n<\/ul>\n<\/div><\/strong> <\/pre>\n","protected":false},"excerpt":{"rendered":"","protected":false},"author":4,"featured_media":0,"parent":0,"menu_order":0,"comment_status":"closed","ping_status":"closed","template":"","meta":{"footnotes":""},"class_list":["post-2602","page","type-page","status-publish","hentry"],"_links":{"self":[{"href":"https:\/\/gss.org.pl\/index.php\/wp-json\/wp\/v2\/pages\/2602","targetHints":{"allow":["GET"]}}],"collection":[{"href":"https:\/\/gss.org.pl\/index.php\/wp-json\/wp\/v2\/pages"}],"about":[{"href":"https:\/\/gss.org.pl\/index.php\/wp-json\/wp\/v2\/types\/page"}],"author":[{"embeddable":true,"href":"https:\/\/gss.org.pl\/index.php\/wp-json\/wp\/v2\/users\/4"}],"replies":[{"embeddable":true,"href":"https:\/\/gss.org.pl\/index.php\/wp-json\/wp\/v2\/comments?post=2602"}],"version-history":[{"count":3,"href":"https:\/\/gss.org.pl\/index.php\/wp-json\/wp\/v2\/pages\/2602\/revisions"}],"predecessor-version":[{"id":2610,"href":"https:\/\/gss.org.pl\/index.php\/wp-json\/wp\/v2\/pages\/2602\/revisions\/2610"}],"wp:attachment":[{"href":"https:\/\/gss.org.pl\/index.php\/wp-json\/wp\/v2\/media?parent=2602"}],"curies":[{"name":"wp","href":"https:\/\/api.w.org\/{rel}","templated":true}]}}