{"id":2717,"date":"2023-07-10T18:29:46","date_gmt":"2023-07-10T16:29:46","guid":{"rendered":"https:\/\/gss.org.pl\/?page_id=2717"},"modified":"2023-07-10T18:30:09","modified_gmt":"2023-07-10T16:30:09","slug":"klub-integracji-spolecznej","status":"publish","type":"page","link":"https:\/\/gss.org.pl\/index.php\/klub-integracji-spolecznej\/","title":{"rendered":"Klub Integracji Spo\u0142ecznej"},"content":{"rendered":"\n<p>Gda\u0144ska Sp\u00f3\u0142dzielnia Socjalna prawie dziesi\u0119\u0107 lat zajmuje si\u0119 aktywizacj\u0105 zawodow\u0105 i integracj\u0105 spo\u0142eczn\u0105. Du\u017cy nacisk k\u0142adzie r\u00f3wnie\u017c na dzia\u0142ania prowadz\u0105ce do wzrostu kompetencji spo\u0142ecznych.<\/p>\n\n\n\n<p>Dzia\u0142ania te opieraj\u0105 si\u0119 g\u0142\u00f3wnie na doradztwie zawodowym oraz treningach. Przeprowadzane s\u0105 r\u00f3wnie\u017c&nbsp; r\u00f3\u017cnego rodzaju szkolenia, warsztaty oraz dzia\u0142ania profilaktyczne.<\/p>\n\n\n\n<p>Je\u015bli czujesz si\u0119 wykluczony spo\u0142ecznie, zapraszamy do Nas.<\/p>\n\n\n\n<figure class=\"wp-block-image size-large\"><img loading=\"lazy\" decoding=\"async\" width=\"747\" height=\"1024\" src=\"https:\/\/gss.org.pl\/wp-content\/uploads\/2023\/07\/zalacznik-nr-1-747x1024.jpg\" alt=\"\" class=\"wp-image-2714\" srcset=\"https:\/\/gss.org.pl\/wp-content\/uploads\/2023\/07\/zalacznik-nr-1-747x1024.jpg 747w, https:\/\/gss.org.pl\/wp-content\/uploads\/2023\/07\/zalacznik-nr-1-219x300.jpg 219w, https:\/\/gss.org.pl\/wp-content\/uploads\/2023\/07\/zalacznik-nr-1-768x1053.jpg 768w, https:\/\/gss.org.pl\/wp-content\/uploads\/2023\/07\/zalacznik-nr-1-1120x1536.jpg 1120w, https:\/\/gss.org.pl\/wp-content\/uploads\/2023\/07\/zalacznik-nr-1-1493x2048.jpg 1493w, https:\/\/gss.org.pl\/wp-content\/uploads\/2023\/07\/zalacznik-nr-1-scaled.jpg 1867w\" sizes=\"auto, (max-width: 747px) 100vw, 747px\" \/><\/figure>\n","protected":false},"excerpt":{"rendered":"<p>Gda\u0144ska Sp\u00f3\u0142dzielnia Socjalna prawie dziesi\u0119\u0107 lat zajmuje si\u0119 aktywizacj\u0105 zawodow\u0105 i integracj\u0105 spo\u0142eczn\u0105. Du\u017cy nacisk k\u0142adzie r\u00f3wnie\u017c na dzia\u0142ania prowadz\u0105ce do wzrostu kompetencji spo\u0142ecznych. Dzia\u0142ania te opieraj\u0105 si\u0119 g\u0142\u00f3wnie na doradztwie zawodowym oraz treningach. Przeprowadzane s\u0105 r\u00f3wnie\u017c&nbsp; r\u00f3\u017cnego rodzaju szkolenia, warsztaty oraz dzia\u0142ania profilaktyczne. Je\u015bli czujesz si\u0119 wykluczony spo\u0142ecznie, zapraszamy do Nas.<\/p>\n","protected":false},"author":4,"featured_media":0,"parent":0,"menu_order":0,"comment_status":"closed","ping_status":"closed","template":"","meta":{"footnotes":""},"class_list":["post-2717","page","type-page","status-publish","hentry"],"_links":{"self":[{"href":"https:\/\/gss.org.pl\/index.php\/wp-json\/wp\/v2\/pages\/2717","targetHints":{"allow":["GET"]}}],"collection":[{"href":"https:\/\/gss.org.pl\/index.php\/wp-json\/wp\/v2\/pages"}],"about":[{"href":"https:\/\/gss.org.pl\/index.php\/wp-json\/wp\/v2\/types\/page"}],"author":[{"embeddable":true,"href":"https:\/\/gss.org.pl\/index.php\/wp-json\/wp\/v2\/users\/4"}],"replies":[{"embeddable":true,"href":"https:\/\/gss.org.pl\/index.php\/wp-json\/wp\/v2\/comments?post=2717"}],"version-history":[{"count":2,"href":"https:\/\/gss.org.pl\/index.php\/wp-json\/wp\/v2\/pages\/2717\/revisions"}],"predecessor-version":[{"id":2720,"href":"https:\/\/gss.org.pl\/index.php\/wp-json\/wp\/v2\/pages\/2717\/revisions\/2720"}],"wp:attachment":[{"href":"https:\/\/gss.org.pl\/index.php\/wp-json\/wp\/v2\/media?parent=2717"}],"curies":[{"name":"wp","href":"https:\/\/api.w.org\/{rel}","templated":true}]}}